{"id":2,"date":"2011-01-26T20:11:52","date_gmt":"2011-01-26T20:11:52","guid":{"rendered":"http:\/\/www.pikselia.net\/maksalaatikko\/?page_id=2"},"modified":"2018-03-05T09:34:21","modified_gmt":"2018-03-05T07:34:21","slug":"maksalaatikko_info","status":"publish","type":"page","link":"http:\/\/www.pikselia.net\/maksalaatikko\/maksalaatikko_info\/","title":{"rendered":"Maksalaatikko-info"},"content":{"rendered":"<p>Maksalaatikko on <a title=\"Juha Martikainen\" href=\"http:\/\/www.kuura.net\/\">Juhan<\/a> ja <a title=\"Janne Heinonen\" href=\"http:\/\/www.pikselia.net\">Jannen<\/a>, eli Maksan ja Laatikon leikkikentt\u00e4, jossa kuva ja sana s\u00e4ken\u00f6iv\u00e4t kuin folio mikroaaltouunissa. Luvassa huomioita sek\u00e4 kokkailun ett\u00e4 populaarikulttuurin \u00e4\u00e4relt\u00e4 geekill\u00e4 otteella. K\u00e4sittelemme ruoka ja normaalit ruokajuomat suussa mm. pelej\u00e4, musiikkia, elokuvia ja kirjoja. Laatikon arkeen kuuluu my\u00f6s ajoittainen avautuminen.<\/p>\n<p>Ps. Saattaa sis\u00e4lt\u00e4\u00e4 my\u00f6s rusinoita!<\/p>\n","protected":false},"excerpt":{"rendered":"<p>Maksalaatikko on Juhan ja Jannen, eli Maksan ja Laatikon leikkikentt\u00e4, jossa kuva ja sana s\u00e4ken\u00f6iv\u00e4t kuin folio mikroaaltouunissa. Luvassa huomioita sek\u00e4 kokkailun ett\u00e4 populaarikulttuurin \u00e4\u00e4relt\u00e4 geekill\u00e4 otteella. K\u00e4sittelemme ruoka ja normaalit ruokajuomat suussa mm. pelej\u00e4, musiikkia, elokuvia ja kirjoja. Laatikon arkeen kuuluu my\u00f6s ajoittainen avautuminen. Ps. Saattaa sis\u00e4lt\u00e4\u00e4 my\u00f6s rusinoita!<\/p>\n","protected":false},"author":1,"featured_media":0,"parent":0,"menu_order":0,"comment_status":"closed","ping_status":"closed","template":"","meta":{"footnotes":""},"class_list":["post-2","page","type-page","status-publish","hentry"],"_links":{"self":[{"href":"http:\/\/www.pikselia.net\/maksalaatikko\/wp-json\/wp\/v2\/pages\/2","targetHints":{"allow":["GET"]}}],"collection":[{"href":"http:\/\/www.pikselia.net\/maksalaatikko\/wp-json\/wp\/v2\/pages"}],"about":[{"href":"http:\/\/www.pikselia.net\/maksalaatikko\/wp-json\/wp\/v2\/types\/page"}],"author":[{"embeddable":true,"href":"http:\/\/www.pikselia.net\/maksalaatikko\/wp-json\/wp\/v2\/users\/1"}],"replies":[{"embeddable":true,"href":"http:\/\/www.pikselia.net\/maksalaatikko\/wp-json\/wp\/v2\/comments?post=2"}],"version-history":[{"count":19,"href":"http:\/\/www.pikselia.net\/maksalaatikko\/wp-json\/wp\/v2\/pages\/2\/revisions"}],"predecessor-version":[{"id":1204,"href":"http:\/\/www.pikselia.net\/maksalaatikko\/wp-json\/wp\/v2\/pages\/2\/revisions\/1204"}],"wp:attachment":[{"href":"http:\/\/www.pikselia.net\/maksalaatikko\/wp-json\/wp\/v2\/media?parent=2"}],"curies":[{"name":"wp","href":"https:\/\/api.w.org\/{rel}","templated":true}]}}